{"id":35673,"date":"2025-03-28T21:47:39","date_gmt":"2025-03-28T21:47:39","guid":{"rendered":"https:\/\/imsouanesurffamily.com\/?page_id=35673"},"modified":"2025-10-19T22:18:06","modified_gmt":"2025-10-19T22:18:06","slug":"mentions-legales","status":"publish","type":"page","link":"https:\/\/imsouanesurffamily.com\/fr\/mentions-legales\/","title":{"rendered":"Mentions l\u00e9gales"},"content":{"rendered":"<div data-elementor-type=\"wp-page\" data-elementor-id=\"35673\" class=\"elementor elementor-35673\" data-elementor-post-type=\"page\">\n\t\t\t\t\t\t<section data-particle_enable=\"false\" data-particle-mobile-disabled=\"false\" class=\"elementor-section elementor-top-section elementor-element elementor-element-16fa8e3 scheme_dark elementor-section-boxed elementor-section-height-default elementor-section-height-default sc_fly_static\" data-id=\"16fa8e3\" data-element_type=\"section\" data-e-type=\"section\" data-settings=\"{&quot;background_background&quot;:&quot;classic&quot;}\">\n\t\t\t\t\t\t\t<div class=\"elementor-background-overlay\"><\/div>\n\t\t\t\t\t\t\t<div class=\"elementor-container elementor-column-gap-extended\">\n\t\t\t\t\t<div class=\"elementor-column elementor-col-100 elementor-top-column elementor-element elementor-element-af6b552 sc_content_align_inherit sc_layouts_column_icons_position_left sc_fly_static\" data-id=\"af6b552\" data-element_type=\"column\" data-e-type=\"column\">\n\t\t\t<div class=\"elementor-widget-wrap elementor-element-populated\">\n\t\t\t\t\t\t<div class=\"elementor-element elementor-element-2af65b2 sc_fly_static elementor-widget elementor-widget-spacer\" data-id=\"2af65b2\" data-element_type=\"widget\" data-e-type=\"widget\" data-widget_type=\"spacer.default\">\n\t\t\t\t<div class=\"elementor-widget-container\">\n\t\t\t\t\t\t\t<div class=\"elementor-spacer\">\n\t\t\t<div class=\"elementor-spacer-inner\"><\/div>\n\t\t<\/div>\n\t\t\t\t\t\t<\/div>\n\t\t\t\t<\/div>\n\t\t\t\t<div class=\"elementor-element elementor-element-481c199 sc_layouts_hide_on_notebook sc_layouts_hide_on_tablet sc_layouts_hide_on_mobile sc_fly_static elementor-widget elementor-widget-spacer\" data-id=\"481c199\" data-element_type=\"widget\" data-e-type=\"widget\" data-widget_type=\"spacer.default\">\n\t\t\t\t<div class=\"elementor-widget-container\">\n\t\t\t\t\t\t\t<div class=\"elementor-spacer\">\n\t\t\t<div class=\"elementor-spacer-inner\"><\/div>\n\t\t<\/div>\n\t\t\t\t\t\t<\/div>\n\t\t\t\t<\/div>\n\t\t\t\t<div class=\"elementor-element elementor-element-8bb1cfd sc_fly_static elementor-widget elementor-widget-trx_sc_title\" data-id=\"8bb1cfd\" data-element_type=\"widget\" data-e-type=\"widget\" data-widget_type=\"trx_sc_title.default\">\n\t\t\t\t<div class=\"elementor-widget-container\">\n\t\t\t\t\t<div\t\tclass=\"sc_title sc_title_default\" ><h1 class=\"sc_item_title sc_title_title sc_align_center sc_item_title_style_default sc_item_title_tag\"\n\t\t\t><span class=\"sc_item_title_text\">Mentions L\u00e9gales<\/span><\/h1><\/div>\t\t\t\t<\/div>\n\t\t\t\t<\/div>\n\t\t\t\t<div class=\"elementor-element elementor-element-f9f2c87 sc_fly_static elementor-widget elementor-widget-spacer\" data-id=\"f9f2c87\" data-element_type=\"widget\" data-e-type=\"widget\" data-widget_type=\"spacer.default\">\n\t\t\t\t<div class=\"elementor-widget-container\">\n\t\t\t\t\t\t\t<div class=\"elementor-spacer\">\n\t\t\t<div class=\"elementor-spacer-inner\"><\/div>\n\t\t<\/div>\n\t\t\t\t\t\t<\/div>\n\t\t\t\t<\/div>\n\t\t\t\t\t<\/div>\n\t\t<\/div>\n\t\t\t\t\t<\/div>\n\t\t<\/section>\n\t\t\t\t<section data-particle_enable=\"false\" data-particle-mobile-disabled=\"false\" class=\"elementor-section elementor-top-section elementor-element elementor-element-5027bfe elementor-section-boxed elementor-section-height-default elementor-section-height-default sc_fly_static\" data-id=\"5027bfe\" data-element_type=\"section\" data-e-type=\"section\" data-settings=\"{&quot;background_background&quot;:&quot;classic&quot;}\">\n\t\t\t\t\t\t<div class=\"elementor-container elementor-column-gap-no\">\n\t\t\t\t\t<div class=\"elementor-column elementor-col-100 elementor-top-column elementor-element elementor-element-e28c8f5 sc_content_align_inherit sc_layouts_column_icons_position_left sc_fly_static\" data-id=\"e28c8f5\" data-element_type=\"column\" data-e-type=\"column\">\n\t\t\t<div class=\"elementor-widget-wrap elementor-element-populated\">\n\t\t\t\t\t\t<div class=\"elementor-element elementor-element-f86e989 sc_height_huge sc_fly_static elementor-widget elementor-widget-spacer\" data-id=\"f86e989\" data-element_type=\"widget\" data-e-type=\"widget\" data-widget_type=\"spacer.default\">\n\t\t\t\t<div class=\"elementor-widget-container\">\n\t\t\t\t\t\t\t<div class=\"elementor-spacer\">\n\t\t\t<div class=\"elementor-spacer-inner\"><\/div>\n\t\t<\/div>\n\t\t\t\t\t\t<\/div>\n\t\t\t\t<\/div>\n\t\t\t\t<div class=\"elementor-element elementor-element-513d39f sc_fly_static elementor-widget elementor-widget-text-editor\" data-id=\"513d39f\" data-element_type=\"widget\" data-e-type=\"widget\" data-widget_type=\"text-editor.default\">\n\t\t\t\t<div class=\"elementor-widget-container\">\n\t\t\t\t\t\t\t\t\t<h4><span style=\"color: #000000;\">IMSOUANE SURF FAMILY<\/span><\/h4><p><span style=\"font-size: 12pt;\"><span style=\"color: #000000;\">Lotissement AMADL, AMADL,<\/span><\/span><br \/><span style=\"font-size: 12pt;\"><span style=\"color: #000000;\">Imsouane<\/span><\/span><\/p><p><span style=\"font-size: 12pt;\"><span style=\"color: #000000;\">+212 643 001 040<\/span><\/span><br \/><span style=\"font-size: 12pt;\"><span style=\"color: #000000;\"><a style=\"color: #000000;\" href=\"mailto:Imsouanesurffamily@gmail.com\">Imsouanesurffamily@gmail.com<\/a><\/span><\/span><\/p><h4><span style=\"color: #000000;\">CONDITIONS DE R\u00c9SERVATION<\/span><\/h4><p><span style=\"color: #000000;\">Le pr\u00e9sent accord d\u00e9finit les conditions g\u00e9n\u00e9rales entre le voyageur (\u00ab vous \u00bb ou \u00ab le client \u00bb) et le surf camp Imsouane Surf Family (\u00ab nous \u00bb ou \u00ab l\u2019entreprise \u00bb) pour toute r\u00e9servation effectu\u00e9e aupr\u00e8s de nous.<\/span><\/p><p><span style=\"color: #000000;\">En confirmant votre r\u00e9servation, vous reconnaissez et acceptez ce qui suit :<\/span><\/p><h4><span style=\"color: #000000;\">Confirmation de la r\u00e9servation<\/span><\/h4><ul><li><p><span style=\"color: #000000;\">Une r\u00e9servation est confirm\u00e9e d\u00e8s r\u00e9ception de l\u2019acompte (20 %) et de la fiche de r\u00e9servation d\u00fbment remplie et sign\u00e9e.<\/span><\/p><\/li><li><p><span style=\"color: #000000;\">Le solde doit \u00eatre r\u00e9gl\u00e9 en esp\u00e8ces (en euros ou en dirhams) \u00e0 l\u2019arriv\u00e9e du client.<\/span><\/p><\/li><\/ul><h4><span style=\"color: #000000;\">Modes de paiement<\/span><\/h4><ul><li><p><span style=\"color: #000000;\"><strong>Options disponibles:<\/strong> Les paiements peuvent \u00eatre effectu\u00e9s par virement bancaire ou en esp\u00e8ces. Les frais de virement bancaire et de change sont \u00e0 la charge du client.<\/span><\/p><\/li><li><p><span style=\"color: #000000;\"><strong>Taux de change :<\/strong> Nous appliquons le taux de change en vigueur le jour du paiement. Les taux peuvent fluctuer entre la date de r\u00e9servation et la date d\u2019arriv\u00e9e. Toute variation importante entra\u00eenera un ajustement du prix \u00e0 la charge du client.<\/span><\/p><\/li><li><p><span style=\"color: #000000;\"><strong>D\u00e9faut de paiement :<\/strong> Imsouane Surf Family se r\u00e9serve le droit d\u2019annuler la r\u00e9servation sans pr\u00e9avis.<\/span><\/p><\/li><\/ul><h4><span style=\"color: #000000;\">Politique d\u2019annulation \/ modification de la r\u00e9servation<\/span><\/h4><ul><li><p><span style=\"color: #000000;\">Les annulations doivent \u00eatre faites par \u00e9crit et sont soumises \u00e0 des frais en fonction de la proximit\u00e9 de la date de d\u00e9but de votre s\u00e9jour.<\/span><\/p><\/li><li><p><span style=\"color: #000000;\">Imsouane Surf Family se r\u00e9serve le droit de refuser toute r\u00e9servation sans en pr\u00e9ciser la raison.<\/span><\/p><\/li><li><p><span style=\"color: #000000;\">Les modifications sont soumises \u00e0 disponibilit\u00e9 et peuvent entra\u00eener des frais suppl\u00e9mentaires* (voir la section sur les frais d\u2019annulation ou de modification).<\/span><\/p><\/li><li><p><span style=\"color: #000000;\"><strong>Changement de dates :<\/strong> La disponibilit\u00e9 des nouvelles dates n\u2019est pas garantie. En cas de d\u00e9saccord sur les nouvelles dates, les frais d\u2019annulation s\u2019appliqueront.<\/span><\/p><\/li><li><p><span style=\"color: #000000;\"><strong>Modification pour la m\u00eame dur\u00e9e :<\/strong> Vous pouvez modifier votre s\u00e9jour pour la m\u00eame dur\u00e9e \u00e0 d\u2019autres dates sans frais jusqu\u2019\u00e0 15 jours avant votre arriv\u00e9e, sous r\u00e9serve de disponibilit\u00e9. Si aucune disponibilit\u00e9 n\u2019est possible et que vous annulez, l\u2019acompte sera conserv\u00e9.<\/span><\/p><\/li><li><p><span style=\"color: #000000;\"><strong>Modification pour une dur\u00e9e plus courte :<\/strong> Vous pouvez modifier vos dates pour un s\u00e9jour plus court sans frais jusqu\u2019\u00e0 30 jours avant votre arriv\u00e9e. Si aucune disponibilit\u00e9 n\u2019est possible et que vous annulez, l\u2019acompte sera conserv\u00e9.<\/span><\/p><\/li><\/ul><h4><span style=\"color: #000000;\">Frais d\u2019annulation ou de modification<\/span><\/h4><ul><li><p><span style=\"color: #000000;\">L\u2019acompte n\u2019est en aucun cas remboursable.<\/span><\/p><\/li><\/ul><h4><span style=\"color: #000000;\">Remboursements<\/span><\/h4><ul><li><p><span style=\"color: #000000;\">Tout remboursement convenu sera effectu\u00e9 par virement bancaire.<\/span><\/p><\/li><li><p><span style=\"color: #000000;\">Les remboursements par virement bancaire peuvent prendre plus de temps selon la politique de votre banque.<\/span><\/p><\/li><li><p><span style=\"color: #000000;\">Les frais li\u00e9s au remboursement sont \u00e0 la charge du client, sauf d\u00e9cision contraire.<\/span><\/p><\/li><li><p><span style=\"color: #000000;\">Les remboursements peuvent prendre entre 5 et 7 jours ouvrables \u00e0 compter de la date d\u2019\u00e9mission.<\/span><\/p><\/li><\/ul><h4><span style=\"color: #000000;\">Assurance voyage et responsabilit\u00e9<\/span><\/h4><ul><li><p><span style=\"color: #000000;\"><strong>Assurance obligatoire :<\/strong> Tous les clients doivent disposer d\u2019une assurance voyage couvrant les frais m\u00e9dicaux, les annulations, la perte de biens personnels et d\u2019\u00e9quipement, ainsi que toute autre urgence impr\u00e9vue.<\/span><\/p><\/li><li><p><span style=\"color: #000000;\">L\u2019entreprise n\u2019est pas responsable des blessures, pertes ou dommages mat\u00e9riels survenus pendant le s\u00e9jour. La participation aux activit\u00e9s se fait \u00e0 vos propres risques.<\/span><\/p><\/li><li><p><span style=\"color: #000000;\">L\u2019entreprise n\u2019est pas responsable des perturbations caus\u00e9es par des \u00e9v\u00e9nements ind\u00e9pendants de sa volont\u00e9 (catastrophes naturelles, gr\u00e8ves, pand\u00e9mies, troubles politiques, etc.).<\/span><\/p><\/li><\/ul><h4><span style=\"color: #000000;\">Surf et conditions m\u00e9t\u00e9orologiques<\/span><\/h4><ul><li><p><span style=\"color: #000000;\"><strong>Aucune garantie :<\/strong> Nous ne pouvons garantir des conditions m\u00e9t\u00e9orologiques ou de surf sp\u00e9cifiques et ne sommes pas responsables de l\u2019impact de mauvaises conditions ou pr\u00e9visions.<\/span><\/p><\/li><li><p><span style=\"color: #000000;\"><strong>Adaptation des activit\u00e9s :<\/strong> En cas de conditions d\u00e9favorables, des activit\u00e9s alternatives seront propos\u00e9es. Aucun remboursement ne sera accord\u00e9 si le client choisit de ne pas y participer.<\/span><\/p><\/li><\/ul><h4><span style=\"color: #000000;\">Code de conduite<\/span><\/h4><ul><li><p><span style=\"color: #000000;\">Les clients doivent respecter les coutumes locales, le personnel et les autres voyageurs. L\u2019entreprise se r\u00e9serve le droit de mettre fin au s\u00e9jour, sans remboursement, en cas de comportement inappropri\u00e9.<\/span><\/p><\/li><\/ul><h4><span style=\"color: #000000;\">Documents de voyage<\/span><\/h4><ul><li><p><span style=\"color: #000000;\">Il est de la responsabilit\u00e9 du client de s\u2019assurer qu\u2019il poss\u00e8de tous les documents n\u00e9cessaires (passeport, visa, certificats de vaccination, etc.).<\/span><\/p><\/li><li><p><span style=\"color: #000000;\">L\u2019entreprise d\u00e9cline toute responsabilit\u00e9 en cas de probl\u00e8me li\u00e9 \u00e0 des documents incorrects ou manquants.<\/span><\/p><\/li><\/ul><h4><span style=\"color: #000000;\">Sant\u00e9 et aptitudes<\/span><\/h4><ul><li><p><span style=\"color: #000000;\">Le client d\u00e9clare \u00eatre en bonne sant\u00e9 et apte \u00e0 la pratique du surf, du yoga et des autres activit\u00e9s propos\u00e9es par Imsouane Surf Family.<\/span><\/p><\/li><li><p><span style=\"color: #000000;\">En cas de condition m\u00e9dicale, r\u00e9gime alimentaire particulier ou allergie, le client doit en informer Imsouane Surf Family avant ou d\u00e8s son arriv\u00e9e. Nous ferons de notre mieux pour assurer votre bien-\u00eatre durant le s\u00e9jour.<\/span><\/p><\/li><li><p><span style=\"color: #000000;\">Le client reconna\u00eet que des accidents peuvent survenir et accepte qu\u2019Imsouane Surf Family ne saurait \u00eatre tenue responsable des blessures ou incapacit\u00e9s \u00e9ventuelles.<\/span><\/p><\/li><\/ul><h4><span style=\"color: #000000;\">Utilisation des donn\u00e9es personnelles (photos et vid\u00e9os)<\/span><\/h4><ul><li><p><span style=\"color: #000000;\">Imsouane Surf Family vous informe que les photos et vid\u00e9os prises pendant votre s\u00e9jour peuvent \u00eatre utilis\u00e9es \u00e0 des fins promotionnelles ou commerciales, sans contrepartie financi\u00e8re. Si vous ne souhaitez pas appara\u00eetre dans ces supports, veuillez le pr\u00e9ciser d\u00e8s la confirmation de votre r\u00e9servation.<\/span><\/p><\/li><\/ul><p><span style=\"color: #000000;\">En confirmant votre r\u00e9servation, vous reconnaissez avoir lu, compris et accept\u00e9 l\u2019ensemble de ces conditions g\u00e9n\u00e9rales.<\/span><\/p><p><span style=\"color: #000000;\">Pour toute question, veuillez nous contacter \u00e0 : <a style=\"color: #000000;\" href=\"mailto:imsouanesurffamily@gmail.com\">imsouanesurffamily@gmail.com<\/a><\/span><\/p><hr \/>\t\t\t\t\t\t\t\t<\/div>\n\t\t\t\t<\/div>\n\t\t\t\t<div class=\"elementor-element elementor-element-6ddd648 sc_height_huge sc_fly_static elementor-widget elementor-widget-spacer\" data-id=\"6ddd648\" data-element_type=\"widget\" data-e-type=\"widget\" data-widget_type=\"spacer.default\">\n\t\t\t\t<div class=\"elementor-widget-container\">\n\t\t\t\t\t\t\t<div class=\"elementor-spacer\">\n\t\t\t<div class=\"elementor-spacer-inner\"><\/div>\n\t\t<\/div>\n\t\t\t\t\t\t<\/div>\n\t\t\t\t<\/div>\n\t\t\t\t\t<\/div>\n\t\t<\/div>\n\t\t\t\t\t<\/div>\n\t\t<\/section>\n\t\t\t\t<\/div>","protected":false},"excerpt":{"rendered":"<p>Legal Notice IMSOUANE SURF FAMILY Lotissement AMADL, AMADL,Imsouane +212 643 001 040Imsouanesurffamily@gmail.com BOOKING TERMS &amp; CONDITIONS This agreement sets out the general terms between the traveler (\u201cyou\u201d or \u201cthe client\u201d)&hellip;<\/p>","protected":false},"author":2,"featured_media":0,"parent":0,"menu_order":0,"comment_status":"closed","ping_status":"closed","template":"","meta":{"footnotes":""},"class_list":["post-35673","page","type-page","status-publish","hentry"],"yoast_head":"<!-- This site is optimized with the Yoast SEO plugin v27.5 - https:\/\/yoast.com\/product\/yoast-seo-wordpress\/ -->\n<title>Mentions l\u00e9gales - Imsouane Surf Family<\/title>\n<meta name=\"robots\" content=\"index, follow, max-snippet:-1, max-image-preview:large, max-video-preview:-1\" \/>\n<link rel=\"canonical\" href=\"https:\/\/imsouanesurffamily.com\/fr\/mentions-legales\/\" \/>\n<meta property=\"og:locale\" content=\"fr_FR\" \/>\n<meta property=\"og:type\" content=\"article\" \/>\n<meta property=\"og:title\" content=\"Mentions l\u00e9gales - Imsouane Surf Family\" \/>\n<meta property=\"og:description\" content=\"Legal Notice IMSOUANE SURF FAMILY Lotissement AMADL, AMADL,Imsouane +212 643 001 040Imsouanesurffamily@gmail.com BOOKING TERMS &amp; CONDITIONS This agreement sets out the general terms between the traveler (\u201cyou\u201d or \u201cthe client\u201d)&hellip;\" \/>\n<meta property=\"og:url\" content=\"https:\/\/imsouanesurffamily.com\/fr\/mentions-legales\/\" \/>\n<meta property=\"og:site_name\" content=\"Imsouane Surf Family\" \/>\n<meta property=\"article:modified_time\" content=\"2025-10-19T22:18:06+00:00\" \/>\n<meta name=\"twitter:card\" content=\"summary_large_image\" \/>\n<meta name=\"twitter:label1\" content=\"Dur\u00e9e de lecture estim\u00e9e\" \/>\n\t<meta name=\"twitter:data1\" content=\"5 minutes\" \/>\n<script type=\"application\/ld+json\" class=\"yoast-schema-graph\">{\"@context\":\"https:\\\/\\\/schema.org\",\"@graph\":[{\"@type\":\"WebPage\",\"@id\":\"https:\\\/\\\/imsouanesurffamily.com\\\/mentions-legales\\\/\",\"url\":\"https:\\\/\\\/imsouanesurffamily.com\\\/mentions-legales\\\/\",\"name\":\"Mentions l\u00e9gales - Imsouane Surf Family\",\"isPartOf\":{\"@id\":\"https:\\\/\\\/imsouanesurffamily.com\\\/#website\"},\"datePublished\":\"2025-03-28T21:47:39+00:00\",\"dateModified\":\"2025-10-19T22:18:06+00:00\",\"breadcrumb\":{\"@id\":\"https:\\\/\\\/imsouanesurffamily.com\\\/mentions-legales\\\/#breadcrumb\"},\"inLanguage\":\"fr-FR\",\"potentialAction\":[{\"@type\":\"ReadAction\",\"target\":[\"https:\\\/\\\/imsouanesurffamily.com\\\/mentions-legales\\\/\"]}]},{\"@type\":\"BreadcrumbList\",\"@id\":\"https:\\\/\\\/imsouanesurffamily.com\\\/mentions-legales\\\/#breadcrumb\",\"itemListElement\":[{\"@type\":\"ListItem\",\"position\":1,\"name\":\"Accueil\",\"item\":\"https:\\\/\\\/imsouanesurffamily.com\\\/\"},{\"@type\":\"ListItem\",\"position\":2,\"name\":\"Mentions l\u00e9gales\"}]},{\"@type\":\"WebSite\",\"@id\":\"https:\\\/\\\/imsouanesurffamily.com\\\/#website\",\"url\":\"https:\\\/\\\/imsouanesurffamily.com\\\/\",\"name\":\"Imsouane Surf Family\",\"description\":\"Your Surf Camp in Imsouane, Morocco\",\"publisher\":{\"@id\":\"https:\\\/\\\/imsouanesurffamily.com\\\/#organization\"},\"potentialAction\":[{\"@type\":\"SearchAction\",\"target\":{\"@type\":\"EntryPoint\",\"urlTemplate\":\"https:\\\/\\\/imsouanesurffamily.com\\\/?s={search_term_string}\"},\"query-input\":{\"@type\":\"PropertyValueSpecification\",\"valueRequired\":true,\"valueName\":\"search_term_string\"}}],\"inLanguage\":\"fr-FR\"},{\"@type\":\"Organization\",\"@id\":\"https:\\\/\\\/imsouanesurffamily.com\\\/#organization\",\"name\":\"Imsouane Surf Family\",\"url\":\"https:\\\/\\\/imsouanesurffamily.com\\\/\",\"logo\":{\"@type\":\"ImageObject\",\"inLanguage\":\"fr-FR\",\"@id\":\"https:\\\/\\\/imsouanesurffamily.com\\\/#\\\/schema\\\/logo\\\/image\\\/\",\"url\":\"https:\\\/\\\/imsouanesurffamily.com\\\/wp-content\\\/uploads\\\/2025\\\/01\\\/cropped-LOGO-png-03.png\",\"contentUrl\":\"https:\\\/\\\/imsouanesurffamily.com\\\/wp-content\\\/uploads\\\/2025\\\/01\\\/cropped-LOGO-png-03.png\",\"width\":512,\"height\":512,\"caption\":\"Imsouane Surf Family\"},\"image\":{\"@id\":\"https:\\\/\\\/imsouanesurffamily.com\\\/#\\\/schema\\\/logo\\\/image\\\/\"}}]}<\/script>\n<!-- \/ Yoast SEO plugin. -->","yoast_head_json":{"title":"Mentions l\u00e9gales - Imsouane Surf Family","robots":{"index":"index","follow":"follow","max-snippet":"max-snippet:-1","max-image-preview":"max-image-preview:large","max-video-preview":"max-video-preview:-1"},"canonical":"https:\/\/imsouanesurffamily.com\/fr\/mentions-legales\/","og_locale":"fr_FR","og_type":"article","og_title":"Mentions l\u00e9gales - Imsouane Surf Family","og_description":"Legal Notice IMSOUANE SURF FAMILY Lotissement AMADL, AMADL,Imsouane +212 643 001 040Imsouanesurffamily@gmail.com BOOKING TERMS &amp; CONDITIONS This agreement sets out the general terms between the traveler (\u201cyou\u201d or \u201cthe client\u201d)&hellip;","og_url":"https:\/\/imsouanesurffamily.com\/fr\/mentions-legales\/","og_site_name":"Imsouane Surf Family","article_modified_time":"2025-10-19T22:18:06+00:00","twitter_card":"summary_large_image","twitter_misc":{"Dur\u00e9e de lecture estim\u00e9e":"5 minutes"},"schema":{"@context":"https:\/\/schema.org","@graph":[{"@type":"WebPage","@id":"https:\/\/imsouanesurffamily.com\/mentions-legales\/","url":"https:\/\/imsouanesurffamily.com\/mentions-legales\/","name":"Mentions l\u00e9gales - Imsouane Surf Family","isPartOf":{"@id":"https:\/\/imsouanesurffamily.com\/#website"},"datePublished":"2025-03-28T21:47:39+00:00","dateModified":"2025-10-19T22:18:06+00:00","breadcrumb":{"@id":"https:\/\/imsouanesurffamily.com\/mentions-legales\/#breadcrumb"},"inLanguage":"fr-FR","potentialAction":[{"@type":"ReadAction","target":["https:\/\/imsouanesurffamily.com\/mentions-legales\/"]}]},{"@type":"BreadcrumbList","@id":"https:\/\/imsouanesurffamily.com\/mentions-legales\/#breadcrumb","itemListElement":[{"@type":"ListItem","position":1,"name":"Accueil","item":"https:\/\/imsouanesurffamily.com\/"},{"@type":"ListItem","position":2,"name":"Mentions l\u00e9gales"}]},{"@type":"WebSite","@id":"https:\/\/imsouanesurffamily.com\/#website","url":"https:\/\/imsouanesurffamily.com\/","name":"Imsouane Surf Family","description":"Votre Surf Camp \u00e0 Imsouane, Maroc","publisher":{"@id":"https:\/\/imsouanesurffamily.com\/#organization"},"potentialAction":[{"@type":"SearchAction","target":{"@type":"EntryPoint","urlTemplate":"https:\/\/imsouanesurffamily.com\/?s={search_term_string}"},"query-input":{"@type":"PropertyValueSpecification","valueRequired":true,"valueName":"search_term_string"}}],"inLanguage":"fr-FR"},{"@type":"Organization","@id":"https:\/\/imsouanesurffamily.com\/#organization","name":"Imsouane Surf Family","url":"https:\/\/imsouanesurffamily.com\/","logo":{"@type":"ImageObject","inLanguage":"fr-FR","@id":"https:\/\/imsouanesurffamily.com\/#\/schema\/logo\/image\/","url":"https:\/\/imsouanesurffamily.com\/wp-content\/uploads\/2025\/01\/cropped-LOGO-png-03.png","contentUrl":"https:\/\/imsouanesurffamily.com\/wp-content\/uploads\/2025\/01\/cropped-LOGO-png-03.png","width":512,"height":512,"caption":"Imsouane Surf Family"},"image":{"@id":"https:\/\/imsouanesurffamily.com\/#\/schema\/logo\/image\/"}}]}},"_links":{"self":[{"href":"https:\/\/imsouanesurffamily.com\/fr\/wp-json\/wp\/v2\/pages\/35673","targetHints":{"allow":["GET"]}}],"collection":[{"href":"https:\/\/imsouanesurffamily.com\/fr\/wp-json\/wp\/v2\/pages"}],"about":[{"href":"https:\/\/imsouanesurffamily.com\/fr\/wp-json\/wp\/v2\/types\/page"}],"author":[{"embeddable":true,"href":"https:\/\/imsouanesurffamily.com\/fr\/wp-json\/wp\/v2\/users\/2"}],"replies":[{"embeddable":true,"href":"https:\/\/imsouanesurffamily.com\/fr\/wp-json\/wp\/v2\/comments?post=35673"}],"version-history":[{"count":25,"href":"https:\/\/imsouanesurffamily.com\/fr\/wp-json\/wp\/v2\/pages\/35673\/revisions"}],"predecessor-version":[{"id":37541,"href":"https:\/\/imsouanesurffamily.com\/fr\/wp-json\/wp\/v2\/pages\/35673\/revisions\/37541"}],"wp:attachment":[{"href":"https:\/\/imsouanesurffamily.com\/fr\/wp-json\/wp\/v2\/media?parent=35673"}],"curies":[{"name":"wp","href":"https:\/\/api.w.org\/{rel}","templated":true}]}}